{"id":446,"date":"2022-03-28T00:28:55","date_gmt":"2022-03-28T00:28:55","guid":{"rendered":"https:\/\/fincaserviceleon.es\/?page_id=446"},"modified":"2022-03-29T16:59:43","modified_gmt":"2022-03-29T16:59:43","slug":"finca-gastebetreuung","status":"publish","type":"page","link":"https:\/\/fincaserviceleon.es\/index.php\/finca-gastebetreuung\/","title":{"rendered":"Finca G\u00e4stebetreuung"},"content":{"rendered":"\n<p><br><\/p>\n\n\n\n<h5>W<strong>ir betreuen gerne Ihre Apartment, Finca oder Haus an Ihre G\u00e4ste.<\/strong><\/h5>\n\n\n\n<p>Wir \u00fcbernehmen gerne ganzj\u00e4hrig die komplette Abwicklung von Hochwertige Betreuung Ihrer Finca, Ihres Haus  oder Ihres Apartments f\u00fcr Ihre Ferieng\u00e4ste<\/p>\n\n\n\n<h5>Check-in\/ Check-out <\/h5>\n\n\n\n<p>Wir bieten Ihnen die Schl\u00fcssel\u00fcbergabe an Ferieng\u00e4ste, Freunde und Familie rund um die Uhr an. Als Vermieter m\u00fcssen Sie nicht vor Ort sein und koennen sie vertrauen auf Professionele betreuung.<\/p>\n\n\n\n<p>Bei Check-in bekommen Ihre Ferieng\u00e4ste die hausverordnung und Tips wie Sie eure Ferien Immobilien am besten und mit Spass und Liebe nutzen koennen.<\/p>\n\n\n\n<p>Wenn er Wahrend denn offenenthalt von Ihre Gaesten oder Familie problem entstehen, versuchen wir die is Schnell und nach Wuensch zu loesen!<\/p>\n\n\n\n<p><\/p>\n\n\n\n<p><strong>Activitaten<\/strong><\/p>\n\n\n\n<p>Auch stehen wir Eueren Ferieng\u00e4ste gerne Tatkraftich da mit Empfelungen auber verschiendeste Activitaten in der Umgebung. <\/p>\n\n\n\n<p>Diving, Snorkling Tour, Boat Tour, Mountain biking, Cycling, Climbing, Hiking, SUP, Sailing, Jetski, Boat Rent etc.<\/p>\n\n\n\n<div class=\"wp-container-1 wp-block-group\"><div class=\"wp-block-group__inner-container\">\n<figure class=\"wp-block-image size-full\"><img loading=\"lazy\" width=\"720\" height=\"504\" src=\"https:\/\/fincaserviceleon.es\/wp-content\/uploads\/2022\/03\/Sport-activities-1.jpg\" alt=\"\" class=\"wp-image-498\" srcset=\"https:\/\/fincaserviceleon.es\/wp-content\/uploads\/2022\/03\/Sport-activities-1.jpg 720w, https:\/\/fincaserviceleon.es\/wp-content\/uploads\/2022\/03\/Sport-activities-1-300x210.jpg 300w\" sizes=\"(max-width: 720px) 100vw, 720px\" \/><\/figure>\n<\/div><\/div>\n\n\n\n<p style=\"font-size:30px\"><strong>Anfrage<\/strong>:<\/p>\n\n\n\n<p>Jeder Finca, Haus oder Apartment ist unterschiedlich und jeder Kunde hat individuelle W\u00fcnsche. Daher Verdient euere Immobilie ein individuelles Angebot die fuer euch massgeschnitten ist. Gern besuchen wir Sie vor Ort und ermitteln gemeinsam Ihr ein Rund-um sorglos Paket.<br><\/p>\n\n\n\n<p> <br><br><\/p>\n","protected":false},"excerpt":{"rendered":"<p>Wir betreuen gerne Ihre Apartment, Finca oder Haus an Ihre G\u00e4ste. Wir \u00fcbernehmen gerne ganzj\u00e4hrig die komplette Abwicklung von Hochwertige Betreuung Ihrer Finca, Ihres Haus oder Ihres Apartments f\u00fcr Ihre Ferieng\u00e4ste Check-in\/ Check-out Wir bieten Ihnen die Schl\u00fcssel\u00fcbergabe an Ferieng\u00e4ste, Freunde und Familie rund um die Uhr an. Als Vermieter m\u00fcssen Sie nicht vor Ort&hellip;&nbsp;<a href=\"https:\/\/fincaserviceleon.es\/index.php\/finca-gastebetreuung\/\" class=\"\" rel=\"bookmark\">Read More &raquo;<span class=\"screen-reader-text\">Finca G\u00e4stebetreuung<\/span><\/a><\/p>\n","protected":false},"author":1,"featured_media":0,"parent":0,"menu_order":0,"comment_status":"closed","ping_status":"closed","template":"","meta":{"neve_meta_sidebar":"","neve_meta_container":"","neve_meta_enable_content_width":"","neve_meta_content_width":0,"neve_meta_title_alignment":"left","neve_meta_author_avatar":"","neve_post_elements_order":"","neve_meta_disable_header":"","neve_meta_disable_footer":"","neve_meta_disable_title":"","_ti_tpc_template_sync":false,"_ti_tpc_template_id":""},"_links":{"self":[{"href":"https:\/\/fincaserviceleon.es\/index.php\/wp-json\/wp\/v2\/pages\/446"}],"collection":[{"href":"https:\/\/fincaserviceleon.es\/index.php\/wp-json\/wp\/v2\/pages"}],"about":[{"href":"https:\/\/fincaserviceleon.es\/index.php\/wp-json\/wp\/v2\/types\/page"}],"author":[{"embeddable":true,"href":"https:\/\/fincaserviceleon.es\/index.php\/wp-json\/wp\/v2\/users\/1"}],"replies":[{"embeddable":true,"href":"https:\/\/fincaserviceleon.es\/index.php\/wp-json\/wp\/v2\/comments?post=446"}],"version-history":[{"count":9,"href":"https:\/\/fincaserviceleon.es\/index.php\/wp-json\/wp\/v2\/pages\/446\/revisions"}],"predecessor-version":[{"id":510,"href":"https:\/\/fincaserviceleon.es\/index.php\/wp-json\/wp\/v2\/pages\/446\/revisions\/510"}],"wp:attachment":[{"href":"https:\/\/fincaserviceleon.es\/index.php\/wp-json\/wp\/v2\/media?parent=446"}],"curies":[{"name":"wp","href":"https:\/\/api.w.org\/{rel}","templated":true}]}}