{"id":405,"date":"2022-03-27T23:20:23","date_gmt":"2022-03-27T23:20:23","guid":{"rendered":"https:\/\/fincaserviceleon.es\/?page_id=405"},"modified":"2022-03-30T18:48:34","modified_gmt":"2022-03-30T18:48:34","slug":"immobilienbetreuung","status":"publish","type":"page","link":"https:\/\/fincaserviceleon.es\/index.php\/immobilienbetreuung\/","title":{"rendered":"Immobilienbetreuung"},"content":{"rendered":"\n<figure class=\"wp-block-image size-full\"><img loading=\"lazy\" width=\"1024\" height=\"768\" src=\"https:\/\/fincaserviceleon.es\/wp-content\/uploads\/2022\/03\/cropped-ee032ce3-008c-4f68-98dc-3fd927026056.jpg\" alt=\"\" class=\"wp-image-7\" srcset=\"https:\/\/fincaserviceleon.es\/wp-content\/uploads\/2022\/03\/cropped-ee032ce3-008c-4f68-98dc-3fd927026056.jpg 1024w, https:\/\/fincaserviceleon.es\/wp-content\/uploads\/2022\/03\/cropped-ee032ce3-008c-4f68-98dc-3fd927026056-300x225.jpg 300w, https:\/\/fincaserviceleon.es\/wp-content\/uploads\/2022\/03\/cropped-ee032ce3-008c-4f68-98dc-3fd927026056-768x576.jpg 768w\" sizes=\"(max-width: 1024px) 100vw, 1024px\" \/><\/figure>\n\n\n\n<p><\/p>\n\n\n\n<p>W\u00f6chentliche profesionelle Betreuung von Ihrer Immobilie. (1 x pro Woche, bei Bedarf oder Wunsch mehrfach nach Absprache)<\/p>\n\n\n\n<ul><li>Fenster\/ T\u00fcren zum L\u00fcften \u00f6ffnen.<\/li><li>Alle Wasserleitungen, Toiletten \u00fcberpr\u00fcfen und Wasser laufen lassen.<\/li><li>Sanit\u00e4re Einrichtungen \u00fcberpr\u00fcfen.<\/li><li>Kontrolle vom hygienischen Zustand des K\u00fchlschranks.<\/li><li>Ofen, Kamin \u00fcberpr\u00fcfen. <\/li><li>Komplette Immobilie auf funktionierende elektrische Anschl\u00fcsse \u00fcberpr\u00fcfen.<\/li><li>Gartenkontrolle allgemein.<\/li><li>Kontrolle des Wasser + Stromz\u00e4hlerstandes mit Foto.                                                  <\/li><li>Alle Au\u00dfent\u00fcren\/Fenster auf Einbruchsspuren pr\u00fcfen.<\/li><li>Postkasten kontrollieren, leeren und sortieren.<\/li><li>Pflanzen (innerhalb der Immobilie) gie\u00dfen.<br><\/li><\/ul>\n\n\n\n<h3>Anfrage:<\/h3>\n\n\n\n<p>Jeder Finca, Haus oder Apartment ist unterschiedlich und jeder Kunde hat individuelle W\u00fcnsche. Daher Verdient euere Immobilie ein individuelles Angebot die fuer euch massgeschnitten ist. Gern besuchen wir Sie vor Ort und ermitteln gemeinsam Ihr ein rundum sorglos Paket.<\/p>\n\n\n\n<p class=\"has-x-large-font-size\" id=\"Immobilienbetreuung\"><\/p>\n","protected":false},"excerpt":{"rendered":"<p>W\u00f6chentliche profesionelle Betreuung von Ihrer Immobilie. (1 x pro Woche, bei Bedarf oder Wunsch mehrfach nach Absprache) Fenster\/ T\u00fcren zum L\u00fcften \u00f6ffnen. Alle Wasserleitungen, Toiletten \u00fcberpr\u00fcfen und Wasser laufen lassen. Sanit\u00e4re Einrichtungen \u00fcberpr\u00fcfen. Kontrolle vom hygienischen Zustand des K\u00fchlschranks. Ofen, Kamin \u00fcberpr\u00fcfen. Komplette Immobilie auf funktionierende elektrische Anschl\u00fcsse \u00fcberpr\u00fcfen. Gartenkontrolle allgemein. Kontrolle des Wasser +&hellip;&nbsp;<a href=\"https:\/\/fincaserviceleon.es\/index.php\/immobilienbetreuung\/\" class=\"\" rel=\"bookmark\">Read More &raquo;<span class=\"screen-reader-text\">Immobilienbetreuung<\/span><\/a><\/p>\n","protected":false},"author":1,"featured_media":0,"parent":0,"menu_order":0,"comment_status":"closed","ping_status":"closed","template":"","meta":{"neve_meta_sidebar":"default","neve_meta_container":"default","neve_meta_enable_content_width":"","neve_meta_content_width":70,"neve_meta_title_alignment":"left","neve_meta_author_avatar":"","neve_post_elements_order":"","neve_meta_disable_header":"","neve_meta_disable_footer":"","neve_meta_disable_title":"","_ti_tpc_template_sync":false,"_ti_tpc_template_id":""},"_links":{"self":[{"href":"https:\/\/fincaserviceleon.es\/index.php\/wp-json\/wp\/v2\/pages\/405"}],"collection":[{"href":"https:\/\/fincaserviceleon.es\/index.php\/wp-json\/wp\/v2\/pages"}],"about":[{"href":"https:\/\/fincaserviceleon.es\/index.php\/wp-json\/wp\/v2\/types\/page"}],"author":[{"embeddable":true,"href":"https:\/\/fincaserviceleon.es\/index.php\/wp-json\/wp\/v2\/users\/1"}],"replies":[{"embeddable":true,"href":"https:\/\/fincaserviceleon.es\/index.php\/wp-json\/wp\/v2\/comments?post=405"}],"version-history":[{"count":7,"href":"https:\/\/fincaserviceleon.es\/index.php\/wp-json\/wp\/v2\/pages\/405\/revisions"}],"predecessor-version":[{"id":530,"href":"https:\/\/fincaserviceleon.es\/index.php\/wp-json\/wp\/v2\/pages\/405\/revisions\/530"}],"wp:attachment":[{"href":"https:\/\/fincaserviceleon.es\/index.php\/wp-json\/wp\/v2\/media?parent=405"}],"curies":[{"name":"wp","href":"https:\/\/api.w.org\/{rel}","templated":true}]}}